{"id":893,"date":"2025-03-03T13:26:57","date_gmt":"2025-03-03T13:26:57","guid":{"rendered":"https:\/\/dpm-atec.com\/?page_id=893"},"modified":"2025-03-12T10:45:49","modified_gmt":"2025-03-12T10:45:49","slug":"pristroji-za-zavarivanje","status":"publish","type":"page","link":"https:\/\/dpm-atec.com\/bs_ba\/pristroji-za-zavarivanje\/","title":{"rendered":"Pristroji za zavarivanje"},"content":{"rendered":"<p>[et_pb_section fb_built=&#8221;1&#8221; custom_padding_last_edited=&#8221;on|phone&#8221; admin_label=&#8221;Header&#8221; _builder_version=&#8221;4.27.0&#8221; _module_preset=&#8221;default&#8221; background_enable_color=&#8221;off&#8221; use_background_color_gradient=&#8221;on&#8221; background_color_gradient_stops=&#8221;rgba(0,0,0,0.08) 75%|#e5e5e5 100%&#8221; background_color_gradient_overlays_image=&#8221;on&#8221; background_image=&#8221;https:\/\/dpm-atec.com\/wp-content\/uploads\/2024\/10\/experienced-operator-hard-hat-scaled.jpg&#8221; background_position=&#8221;bottom_center&#8221; custom_margin=&#8221;||-15px|||&#8221; custom_margin_tablet=&#8221;&#8221; custom_margin_phone=&#8221;3px||||false|false&#8221; custom_margin_last_edited=&#8221;on|phone&#8221; custom_padding=&#8221;10vw||155px||false|false&#8221; custom_padding_tablet=&#8221;10vw||155px||false|false&#8221; custom_padding_phone=&#8221;||69px||false|false&#8221; collapsed=&#8221;on&#8221; global_colors_info=&#8221;{}&#8221;][et_pb_row _builder_version=&#8221;4.27.0&#8221; _module_preset=&#8221;default&#8221; max_width=&#8221;987px&#8221; custom_margin=&#8221;-3px|auto||auto||&#8221; custom_padding=&#8221;0px||82px|||&#8221; global_colors_info=&#8221;{}&#8221;][et_pb_column type=&#8221;4_4&#8221; _builder_version=&#8221;4.22.1&#8221; _module_preset=&#8221;default&#8221; global_colors_info=&#8221;{}&#8221;][et_pb_image src=&#8221;https:\/\/dpm-atec.com\/wp-content\/uploads\/2024\/09\/LO-GO.png&#8221; title_text=&#8221;LO GO&#8221; align=&#8221;center&#8221; _builder_version=&#8221;4.27.0&#8221; _module_preset=&#8221;default&#8221; width=&#8221;25%&#8221; global_colors_info=&#8221;{}&#8221;][\/et_pb_image][et_pb_text _builder_version=&#8221;4.27.4&#8221; _module_preset=&#8221;d0570f7d-2090-4b6e-ace5-135bc0d74788&#8221; header_text_color=&#8221;#FFFFFF&#8221; header_font_size=&#8221;40px&#8221; text_orientation=&#8221;center&#8221; scroll_horizontal_motion=&#8221;41|50|50|91|4|0|-4&#8221; scroll_fade=&#8221;18|82|82|100|0|100|100&#8221; scroll_blur_enable=&#8221;on&#8221; header_text_shadow_style=&#8221;preset1&#8221; header_text_shadow_color=&#8221;#000000&#8221; global_colors_info=&#8221;{}&#8221;]<\/p>\n<h1><strong>\u00a0 <span style=\"color: #666699;\">|<\/span>\u00a0 PRISTROJI ZA ZAVARIVANJE\u00a0 <span style=\"color: #666699;\">|\u00a0<\/span>\u00a0<\/strong><\/h1>\n<p>[\/et_pb_text][et_pb_text _builder_version=&#8221;4.27.4&#8221; _module_preset=&#8221;default&#8221; text_text_color=&#8221;#FFFFFF&#8221; text_font_size=&#8221;20px&#8221; header_font=&#8221;|700|||||||&#8221; header_text_color=&#8221;#FFFFFF&#8221; header_font_size=&#8221;20px&#8221; header_line_height=&#8221;1.7em&#8221; text_orientation=&#8221;center&#8221; animation_style=&#8221;zoom&#8221; animation_intensity_zoom=&#8221;21%&#8221; header_text_shadow_style=&#8221;preset1&#8221; header_text_shadow_color=&#8221;#000000&#8221; global_colors_info=&#8221;{}&#8221;]<\/p>\n<h1>Dizajn, proizvodnja i monta\u017ea specijalnih ma\u0161ina i ure\u0111aja<\/h1>\n<p>[\/et_pb_text][\/et_pb_column][\/et_pb_row][\/et_pb_section][et_pb_section fb_built=&#8221;1&#8221; admin_label=&#8221;Gallery&#8221; _builder_version=&#8221;4.27.4&#8221; background_color=&#8221;#e5e5e5&#8221; custom_padding=&#8221;75px|||||&#8221; collapsed=&#8221;off&#8221; global_colors_info=&#8221;{}&#8221;][et_pb_row column_structure=&#8221;1_2,1_2&#8221; _builder_version=&#8221;4.27.4&#8221; custom_padding=&#8221;0px|||||&#8221; global_colors_info=&#8221;{}&#8221;][et_pb_column type=&#8221;1_2&#8221; _builder_version=&#8221;4.16&#8221; custom_padding=&#8221;60px||||false|false&#8221; custom_padding_tablet=&#8221;0px||||false|false&#8221; custom_padding_phone=&#8221;&#8221; custom_padding_last_edited=&#8221;on|tablet&#8221; hover_enabled=&#8221;0&#8221; global_colors_info=&#8221;{}&#8221; sticky_enabled=&#8221;0&#8221;][et_pb_text _builder_version=&#8221;4.27.4&#8221; _module_preset=&#8221;_initial&#8221; header_font=&#8221;|700|||||||&#8221; header_text_color=&#8221;gcid-primary-color&#8221; header_font_size=&#8221;46px&#8221; header_2_font=&#8221;Poppins|500|||||||&#8221; header_2_text_color=&#8221;#FFFFFF&#8221; header_2_font_size=&#8221;48px&#8221; header_2_line_height=&#8221;1.2em&#8221; custom_margin=&#8221;||10px||false|false&#8221; hover_enabled=&#8221;0&#8221; header_2_font_size_tablet=&#8221;32px&#8221; header_2_font_size_phone=&#8221;20px&#8221; header_2_font_size_last_edited=&#8221;on|desktop&#8221; global_colors_info=&#8221;{%22gcid-primary-color%22:%91%22header_text_color%22%93}&#8221; sticky_enabled=&#8221;0&#8221;]<\/p>\n<h1 class=\"et_pb_module_heading\">PRISTROJI ZA ZAVARIVANJE<\/h1>\n<p>[\/et_pb_text][et_pb_heading title=&#8221;poluautomatski alat za pri\u010dvr\u0161\u0107ivanje dijelova tokom zavarivanja&#8221; _builder_version=&#8221;4.27.4&#8221; _module_preset=&#8221;default&#8221; title_font=&#8221;Exo 2|||on|||||&#8221; title_text_color=&#8221;gcid-primary-color&#8221; title_line_height=&#8221;1.4em&#8221; global_colors_info=&#8221;{%22gcid-primary-color%22:%91%22title_text_color%22%93}&#8221;][\/et_pb_heading][\/et_pb_column][et_pb_column type=&#8221;1_2&#8221; _builder_version=&#8221;4.27.4&#8221; custom_padding=&#8221;||||false|false&#8221; global_colors_info=&#8221;{}&#8221;][et_pb_image src=&#8221;https:\/\/dpm-atec.com\/wp-content\/uploads\/2025\/03\/viber_image_2025-03-04_09-27-12-687.png&#8221; title_text=&#8221;viber_image_2025-03-04_09-27-12-687&#8221; _builder_version=&#8221;4.27.4&#8221; custom_margin=&#8221;||||false|false&#8221; global_colors_info=&#8221;{}&#8221;][\/et_pb_image][et_pb_heading title=&#8221;87% OEE&#8221; _builder_version=&#8221;4.27.4&#8221; _module_preset=&#8221;default&#8221; title_font=&#8221;Exo 2||||||||&#8221; title_text_align=&#8221;center&#8221; title_text_color=&#8221;gcid-primary-color&#8221; title_font_size=&#8221;35px&#8221; title_line_height=&#8221;1.4em&#8221; module_alignment=&#8221;center&#8221; global_colors_info=&#8221;{%22gcid-primary-color%22:%91%22title_text_color%22%93}&#8221;][\/et_pb_heading][\/et_pb_column][\/et_pb_row][et_pb_row column_structure=&#8221;1_4,1_4,1_4,1_4&#8221; _builder_version=&#8221;4.16&#8221; global_colors_info=&#8221;{}&#8221;][et_pb_column type=&#8221;1_4&#8221; _builder_version=&#8221;4.16&#8221; global_colors_info=&#8221;{}&#8221;][et_pb_image src=&#8221;https:\/\/dpm-atec.com\/wp-content\/uploads\/2025\/03\/unnamed__12_-removebg-preview.png&#8221; title_text=&#8221;unnamed__12_-removebg-preview&#8221; _builder_version=&#8221;4.27.4&#8221; locked=&#8221;off&#8221; global_colors_info=&#8221;{}&#8221;][\/et_pb_image][\/et_pb_column][et_pb_column type=&#8221;1_4&#8221; _builder_version=&#8221;4.16&#8221; global_colors_info=&#8221;{}&#8221;][et_pb_image src=&#8221;https:\/\/dpm-atec.com\/wp-content\/uploads\/2025\/03\/unnamed__8_-removebg-preview.png&#8221; title_text=&#8221;unnamed__8_-removebg-preview&#8221; _builder_version=&#8221;4.27.4&#8221; width=&#8221;76%&#8221; locked=&#8221;off&#8221; global_colors_info=&#8221;{}&#8221;][\/et_pb_image][\/et_pb_column][et_pb_column type=&#8221;1_4&#8221; _builder_version=&#8221;4.16&#8221; global_colors_info=&#8221;{}&#8221;][et_pb_image src=&#8221;https:\/\/dpm-atec.com\/wp-content\/uploads\/2025\/03\/unnamed__9_-removebg-preview.png&#8221; title_text=&#8221;unnamed__9_-removebg-preview&#8221; _builder_version=&#8221;4.27.4&#8221; locked=&#8221;off&#8221; global_colors_info=&#8221;{}&#8221;][\/et_pb_image][\/et_pb_column][et_pb_column type=&#8221;1_4&#8221; _builder_version=&#8221;4.16&#8221; global_colors_info=&#8221;{}&#8221;][et_pb_image src=&#8221;https:\/\/dpm-atec.com\/wp-content\/uploads\/2025\/03\/unnamed__11_-removebg-preview.png&#8221; title_text=&#8221;unnamed__11_-removebg-preview&#8221; _builder_version=&#8221;4.27.4&#8221; locked=&#8221;off&#8221; global_colors_info=&#8221;{}&#8221;][\/et_pb_image][\/et_pb_column][\/et_pb_row][et_pb_row _builder_version=&#8221;4.27.0&#8221; _module_preset=&#8221;default&#8221; width=&#8221;100%&#8221; max_width=&#8221;2034px&#8221; min_height=&#8221;460px&#8221; custom_margin=&#8221;-107px|auto||auto||&#8221; custom_padding=&#8221;6px||0px|||&#8221; global_colors_info=&#8221;{}&#8221;][et_pb_column type=&#8221;4_4&#8221; _builder_version=&#8221;4.27.0&#8221; _module_preset=&#8221;default&#8221; global_colors_info=&#8221;{}&#8221;][et_pb_code _builder_version=&#8221;4.27.0&#8221; _module_preset=&#8221;default&#8221; min_height=&#8221;475px&#8221; custom_margin=&#8221;||-16px|||&#8221; custom_padding=&#8221;108px|||||&#8221; global_colors_info=&#8221;{}&#8221;]<iframe src=\"https:\/\/www.google.com\/maps\/embed?pb=!1m14!1m8!1m3!1d11375.933901915752!2d18.6581218!3d44.5359709!3m2!1i1024!2i768!4f13.1!3m3!1m2!1s0x5d7496d87ba2821%3A0xa1fb6835d0bb592!2sdpm%20d.o.o.!5e0!3m2!1sen!2sba!4v1727694534474!5m2!1sen!2sba\" width=\"100%\" height=\"450\" style=\"border:0;\" allowfullscreen=\"\" loading=\"lazy\" referrerpolicy=\"no-referrer-when-downgrade\"><\/iframe>[\/et_pb_code][\/et_pb_column][\/et_pb_row][\/et_pb_section][et_pb_section fb_built=&#8221;1&#8221; admin_label=&#8221;Footer&#8221; _builder_version=&#8221;4.27.0&#8221; _module_preset=&#8221;default&#8221; background_color=&#8221;#112738&#8221; background_image=&#8221;https:\/\/dpm-atec.com\/wp-content\/uploads\/2024\/09\/augmented-reality-2.jpg&#8221; background_enable_image=&#8221;off&#8221; custom_margin=&#8221;-40px|1px|||false|false&#8221; custom_padding=&#8221;0vw||0vw||true|false&#8221; saved_tabs=&#8221;all&#8221; collapsed=&#8221;on&#8221; global_colors_info=&#8221;{}&#8221;][et_pb_row column_structure=&#8221;1_4,1_4,1_4,1_4&#8221; _builder_version=&#8221;4.24.2&#8221; _module_preset=&#8221;default&#8221; custom_padding=&#8221;40px||44px|||&#8221; global_colors_info=&#8221;{}&#8221;][et_pb_column type=&#8221;1_4&#8221; _builder_version=&#8221;4.22.1&#8221; _module_preset=&#8221;default&#8221; global_colors_info=&#8221;{}&#8221;][et_pb_text _builder_version=&#8221;4.27.0&#8221; _module_preset=&#8221;e065eaa9-3792-4630-8c35-4a26c90810e9&#8221; text_text_color=&#8221;gcid-primary-color&#8221; header_4_text_color=&#8221;gcid-primary-color&#8221; custom_margin=&#8221;||10px||false|false&#8221; animation_style=&#8221;zoom&#8221; global_colors_info=&#8221;{%22gcid-primary-color%22:%91%22text_text_color%22,%22header_4_text_color%22%93}&#8221;]<\/p>\n<h4><span style=\"color: #ffffff;\">Lokacija<\/span><\/h4>\n<p>[\/et_pb_text][et_pb_text _builder_version=&#8221;4.27.0&#8221; _module_preset=&#8221;0635eca2-6ea8-41d8-a0b6-1fed17d19a41&#8221; text_text_color=&#8221;#FFFFFF&#8221; link_text_color=&#8221;#FFFFFF&#8221; custom_margin=&#8221;||10px||false|false&#8221; global_colors_info=&#8221;{}&#8221;]<\/p>\n<p>Drage Karamana BB,<\/p>\n<p>[\/et_pb_text][et_pb_text _builder_version=&#8221;4.27.0&#8221; _module_preset=&#8221;0635eca2-6ea8-41d8-a0b6-1fed17d19a41&#8221; text_text_color=&#8221;#FFFFFF&#8221; link_text_color=&#8221;#FFFFFF&#8221; custom_margin=&#8221;||10px||false|false&#8221; global_colors_info=&#8221;{}&#8221;]<\/p>\n<p>75000, Tuzla<\/p>\n<p>[\/et_pb_text][et_pb_text _builder_version=&#8221;4.27.0&#8221; _module_preset=&#8221;0635eca2-6ea8-41d8-a0b6-1fed17d19a41&#8221; text_text_color=&#8221;#FFFFFF&#8221; link_text_color=&#8221;#FFFFFF&#8221; custom_margin=&#8221;||10px||false|false&#8221; global_colors_info=&#8221;{}&#8221;]<\/p>\n<p>Bosna i Hercegovina<\/p>\n<p>[\/et_pb_text][\/et_pb_column][et_pb_column type=&#8221;1_4&#8221; _builder_version=&#8221;4.22.1&#8221; _module_preset=&#8221;default&#8221; global_colors_info=&#8221;{}&#8221;][et_pb_text _builder_version=&#8221;4.27.0&#8221; _module_preset=&#8221;e065eaa9-3792-4630-8c35-4a26c90810e9&#8221; header_4_text_color=&#8221;gcid-primary-color&#8221; custom_margin=&#8221;||10px||false|false&#8221; animation_style=&#8221;zoom&#8221; global_colors_info=&#8221;{%22gcid-primary-color%22:%91%22header_4_text_color%22%93}&#8221;]<\/p>\n<h4><span style=\"color: #ffffff;\">Kontaktirajte nas<\/span><\/h4>\n<p>[\/et_pb_text][et_pb_text _builder_version=&#8221;4.27.0&#8221; _module_preset=&#8221;0635eca2-6ea8-41d8-a0b6-1fed17d19a41&#8221; text_text_color=&#8221;#FFFFFF&#8221; link_text_color=&#8221;#FFFFFF&#8221; custom_margin=&#8221;||10px||false|false&#8221; global_colors_info=&#8221;{}&#8221;]<\/p>\n<p>+387 63 962 024<\/p>\n<p>[\/et_pb_text][et_pb_text _builder_version=&#8221;4.27.0&#8221; _module_preset=&#8221;0635eca2-6ea8-41d8-a0b6-1fed17d19a41&#8221; text_text_color=&#8221;#FFFFFF&#8221; link_text_color=&#8221;#FFFFFF&#8221; custom_margin=&#8221;||10px||false|false&#8221; global_colors_info=&#8221;{}&#8221;]<\/p>\n<p>+387 62 398 269<\/p>\n<p>[\/et_pb_text][et_pb_text _builder_version=&#8221;4.27.0&#8221; _module_preset=&#8221;0635eca2-6ea8-41d8-a0b6-1fed17d19a41&#8221; text_text_color=&#8221;#FFFFFF&#8221; link_text_color=&#8221;#FFFFFF&#8221; custom_margin=&#8221;||10px||false|false&#8221; link_option_url=&#8221;info@dpm-atec.com&#8221; global_colors_info=&#8221;{}&#8221;]<\/p>\n<p>info@dpm-atec.com<\/p>\n<p>[\/et_pb_text][\/et_pb_column][et_pb_column type=&#8221;1_4&#8221; _builder_version=&#8221;4.22.1&#8221; _module_preset=&#8221;default&#8221; global_colors_info=&#8221;{}&#8221;][et_pb_text _builder_version=&#8221;4.27.0&#8221; _module_preset=&#8221;e065eaa9-3792-4630-8c35-4a26c90810e9&#8221; header_4_text_color=&#8221;gcid-primary-color&#8221; custom_margin=&#8221;||10px||false|false&#8221; animation_style=&#8221;zoom&#8221; global_colors_info=&#8221;{%22gcid-primary-color%22:%91%22header_4_text_color%22%93}&#8221;]<\/p>\n<h4><span style=\"color: #ffffff;\">Radno vrijeme<\/span><\/h4>\n<p>[\/et_pb_text][et_pb_text _builder_version=&#8221;4.27.0&#8221; _module_preset=&#8221;0635eca2-6ea8-41d8-a0b6-1fed17d19a41&#8221; text_text_color=&#8221;#FFFFFF&#8221; link_text_color=&#8221;#FFFFFF&#8221; custom_margin=&#8221;||10px||false|false&#8221; global_colors_info=&#8221;{}&#8221;]<\/p>\n<p>PONEDJELJAK &#8211; PETAK<\/p>\n<p>[\/et_pb_text][et_pb_text _builder_version=&#8221;4.27.0&#8221; _module_preset=&#8221;0635eca2-6ea8-41d8-a0b6-1fed17d19a41&#8221; text_text_color=&#8221;#FFFFFF&#8221; link_text_color=&#8221;#FFFFFF&#8221; custom_margin=&#8221;||10px||false|false&#8221; global_colors_info=&#8221;{}&#8221;]<\/p>\n<p>08:00 &#8211; 16:00<\/p>\n<p>[\/et_pb_text][et_pb_text _builder_version=&#8221;4.27.0&#8221; _module_preset=&#8221;0635eca2-6ea8-41d8-a0b6-1fed17d19a41&#8221; text_text_color=&#8221;#FFFFFF&#8221; link_text_color=&#8221;#FFFFFF&#8221; custom_margin=&#8221;||10px||false|false&#8221; global_colors_info=&#8221;{}&#8221;]<\/p>\n<p>SUBOTA I NEDJELJA NERADNI<\/p>\n<p>[\/et_pb_text][\/et_pb_column][et_pb_column type=&#8221;1_4&#8221; _builder_version=&#8221;4.22.1&#8221; _module_preset=&#8221;default&#8221; global_colors_info=&#8221;{}&#8221;][et_pb_text _builder_version=&#8221;4.27.0&#8221; _module_preset=&#8221;e065eaa9-3792-4630-8c35-4a26c90810e9&#8221; header_4_text_color=&#8221;gcid-primary-color&#8221; custom_margin=&#8221;||10px||false|false&#8221; animation_style=&#8221;zoom&#8221; locked=&#8221;off&#8221; global_colors_info=&#8221;{%22gcid-primary-color%22:%91%22header_4_text_color%22%93}&#8221;]<\/p>\n<h4><span style=\"color: #ffffff;\">Zapratite nas<\/span><\/h4>\n<p>[\/et_pb_text][et_pb_social_media_follow _builder_version=&#8221;4.22.1&#8221; _module_preset=&#8221;default&#8221; locked=&#8221;off&#8221; global_colors_info=&#8221;{}&#8221;][et_pb_social_media_follow_network social_network=&#8221;facebook&#8221; _builder_version=&#8221;4.22.1&#8221; _module_preset=&#8221;default&#8221; global_colors_info=&#8221;{}&#8221; follow_button=&#8221;off&#8221; url_new_window=&#8221;on&#8221;]facebook[\/et_pb_social_media_follow_network][et_pb_social_media_follow_network social_network=&#8221;twitter&#8221; _builder_version=&#8221;4.22.1&#8221; _module_preset=&#8221;default&#8221; global_colors_info=&#8221;{}&#8221; follow_button=&#8221;off&#8221; url_new_window=&#8221;on&#8221;]twitter[\/et_pb_social_media_follow_network][et_pb_social_media_follow_network social_network=&#8221;instagram&#8221; _builder_version=&#8221;4.22.1&#8221; _module_preset=&#8221;default&#8221; global_colors_info=&#8221;{}&#8221; follow_button=&#8221;off&#8221; url_new_window=&#8221;on&#8221;]instagram[\/et_pb_social_media_follow_network][\/et_pb_social_media_follow][\/et_pb_column][\/et_pb_row][\/et_pb_section]<\/p>\n","protected":false},"excerpt":{"rendered":"<p>\u00a0 |\u00a0 PRISTROJI ZA ZAVARIVANJE\u00a0 |\u00a0\u00a0Dizajn, proizvodnja i monta\u017ea specijalnih ma\u0161ina i ure\u0111ajaPRISTROJI ZA ZAVARIVANJELokacijaDrage Karamana BB,75000, TuzlaBosna i HercegovinaKontaktirajte nas+387 63 962 024+387 62 398 269info@dpm-atec.comRadno vrijemePONEDJELJAK &#8211; PETAK08:00 &#8211; 16:00SUBOTA I NEDJELJA NERADNIZapratite nas<\/p>\n","protected":false},"author":2,"featured_media":0,"parent":0,"menu_order":0,"comment_status":"closed","ping_status":"closed","template":"","meta":{"_et_pb_use_builder":"on","_et_pb_old_content":"<!-- wp:divi\/placeholder \/-->","_et_gb_content_width":"","footnotes":""},"class_list":["post-893","page","type-page","status-publish","hentry"],"_links":{"self":[{"href":"https:\/\/dpm-atec.com\/bs_ba\/wp-json\/wp\/v2\/pages\/893","targetHints":{"allow":["GET"]}}],"collection":[{"href":"https:\/\/dpm-atec.com\/bs_ba\/wp-json\/wp\/v2\/pages"}],"about":[{"href":"https:\/\/dpm-atec.com\/bs_ba\/wp-json\/wp\/v2\/types\/page"}],"author":[{"embeddable":true,"href":"https:\/\/dpm-atec.com\/bs_ba\/wp-json\/wp\/v2\/users\/2"}],"replies":[{"embeddable":true,"href":"https:\/\/dpm-atec.com\/bs_ba\/wp-json\/wp\/v2\/comments?post=893"}],"version-history":[{"count":10,"href":"https:\/\/dpm-atec.com\/bs_ba\/wp-json\/wp\/v2\/pages\/893\/revisions"}],"predecessor-version":[{"id":1005,"href":"https:\/\/dpm-atec.com\/bs_ba\/wp-json\/wp\/v2\/pages\/893\/revisions\/1005"}],"wp:attachment":[{"href":"https:\/\/dpm-atec.com\/bs_ba\/wp-json\/wp\/v2\/media?parent=893"}],"curies":[{"name":"wp","href":"https:\/\/api.w.org\/{rel}","templated":true}]}}