{"id":788,"date":"2024-12-18T12:54:44","date_gmt":"2024-12-18T12:54:44","guid":{"rendered":"https:\/\/dpm-atec.com\/?page_id=788"},"modified":"2025-12-17T13:53:26","modified_gmt":"2025-12-17T13:53:26","slug":"politika-kvaliteta","status":"publish","type":"page","link":"https:\/\/dpm-atec.com\/en\/politika-kvaliteta\/","title":{"rendered":"Quality policy"},"content":{"rendered":"<p>[et_pb_section fb_built=&#8221;1&#8221; custom_padding_last_edited=&#8221;on|phone&#8221; admin_label=&#8221;Header&#8221; _builder_version=&#8221;4.27.4&#8221; _module_preset=&#8221;default&#8221; background_enable_color=&#8221;off&#8221; use_background_color_gradient=&#8221;on&#8221; background_color_gradient_stops=&#8221;rgba(0,0,0,0.08) 74%|#e5e5e5 97%&#8221; background_color_gradient_overlays_image=&#8221;on&#8221; background_image=&#8221;https:\/\/dpm-atec.com\/wp-content\/uploads\/2024\/11\/image_2024-11-05_150606940.png&#8221; background_position=&#8221;bottom_center&#8221; custom_padding=&#8221;10vw||166px||false|false&#8221; custom_padding_tablet=&#8221;10vw||166px||false|false&#8221; custom_padding_phone=&#8221;10vw||0px||false|false&#8221; collapsed=&#8221;on&#8221; global_colors_info=&#8221;{}&#8221;][et_pb_row _builder_version=&#8221;4.27.0&#8221; _module_preset=&#8221;default&#8221; max_width=&#8221;987px&#8221; custom_margin=&#8221;-3px|auto||auto||&#8221; custom_padding=&#8221;0px||82px|||&#8221; global_colors_info=&#8221;{}&#8221;][et_pb_column type=&#8221;4_4&#8221; _builder_version=&#8221;4.22.1&#8221; _module_preset=&#8221;default&#8221; global_colors_info=&#8221;{}&#8221;][et_pb_image src=&#8221;https:\/\/dpm-atec.com\/wp-content\/uploads\/2024\/09\/LO-GO.png&#8221; title_text=&#8221;LO GO&#8221; align=&#8221;center&#8221; _builder_version=&#8221;4.27.0&#8221; _module_preset=&#8221;default&#8221; width=&#8221;25%&#8221; global_colors_info=&#8221;{}&#8221;][\/et_pb_image][et_pb_text _builder_version=&#8221;4.27.4&#8221; _module_preset=&#8221;d0570f7d-2090-4b6e-ace5-135bc0d74788&#8221; header_text_color=&#8221;#FFFFFF&#8221; header_font_size=&#8221;40px&#8221; text_orientation=&#8221;center&#8221; scroll_horizontal_motion=&#8221;41|50|50|91|4|0|-4&#8221; scroll_fade=&#8221;18|82|82|100|0|100|100&#8221; scroll_blur_enable=&#8221;on&#8221; header_text_shadow_style=&#8221;preset1&#8221; header_text_shadow_color=&#8221;#000000&#8221; global_colors_info=&#8221;{}&#8221;]<\/p>\n<h1><strong>\u00a0 <span style=\"color: #666699;\">|<\/span>\u00a0 QUALITY POLICY\u00a0 <span style=\"color: #666699;\">|\u00a0<\/span>\u00a0<\/strong><\/h1>\n<p>[\/et_pb_text][\/et_pb_column][\/et_pb_row][\/et_pb_section][et_pb_section fb_built=&#8221;1&#8221; admin_label=&#8221;Hero Section&#8221; _builder_version=&#8221;4.27.0&#8221; background_color=&#8221;#e5e5e5&#8221; min_height=&#8221;776.7px&#8221; custom_margin=&#8221;-5px|||||&#8221; custom_padding=&#8221;16px|0px|100px|0px||&#8221; global_colors_info=&#8221;{}&#8221;][et_pb_row _builder_version=&#8221;4.27.4&#8221; background_size=&#8221;initial&#8221; background_position=&#8221;top_left&#8221; background_repeat=&#8221;repeat&#8221; min_height=&#8221;150.3px&#8221; custom_margin=&#8221;|||&#8221; custom_padding=&#8221;0px|||||&#8221; global_colors_info=&#8221;{}&#8221;][et_pb_column type=&#8221;4_4&#8221; _builder_version=&#8221;4.16&#8221; custom_padding=&#8221;40px|||&#8221; global_colors_info=&#8221;{}&#8221; custom_padding__hover=&#8221;|||&#8221;][et_pb_image src=&#8221;https:\/\/dpm-atec.com\/wp-content\/uploads\/2024\/09\/LO-GO.png&#8221; title_text=&#8221;LO GO&#8221; align=&#8221;center&#8221; _builder_version=&#8221;4.27.4&#8221; _module_preset=&#8221;default&#8221; width=&#8221;15%&#8221; global_colors_info=&#8221;{}&#8221;][\/et_pb_image][\/et_pb_column][\/et_pb_row][et_pb_row column_structure=&#8221;1_2,1_2&#8221; _builder_version=&#8221;4.16&#8221; background_size=&#8221;initial&#8221; background_position=&#8221;top_left&#8221; background_repeat=&#8221;repeat&#8221; min_height=&#8221;362.3px&#8221; custom_margin=&#8221;-38px|auto||auto||&#8221; custom_padding=&#8221;0px|||||&#8221; global_colors_info=&#8221;{}&#8221;][et_pb_column type=&#8221;1_2&#8221; _builder_version=&#8221;4.16&#8221; custom_padding=&#8221;40px|||&#8221; global_colors_info=&#8221;{}&#8221; custom_padding__hover=&#8221;|||&#8221;][et_pb_text _builder_version=&#8221;4.27.4&#8221; text_font=&#8221;PT Sans||||||||&#8221; text_text_color=&#8221;rgba(255,255,255,0.7)&#8221; text_font_size=&#8221;18px&#8221; text_line_height=&#8221;1.8em&#8221; header_font=&#8221;Poppins|500|||||||&#8221; header_text_color=&#8221;#ffffff&#8221; header_font_size=&#8221;44px&#8221; header_line_height=&#8221;1.3em&#8221; header_2_font=&#8221;||||||||&#8221; header_3_font=&#8221;||||||||&#8221; header_4_font=&#8221;||||||||&#8221; global_colors_info=&#8221;{}&#8221;]<\/p>\n<h1><span style=\"color: #000000;\">Quality policy<\/span><\/h1>\n<p><span style=\"color: #000000;\">dpm d.o.o is company for design, production and assembly of special machines and different metal products. <\/span><span style=\"color: #000000;\">We use advanced 2D and 3D tools to create digital twins and other innovative solutions <\/span><span style=\"color: #000000;\">for our clients.<\/span><\/p>\n<p><span style=\"color: #000000;\">The most important commitment in the ISO 9001:2015 quality policy is <\/span><span style=\"color: #000000;\">fulfilling the requirements of users and business partners with its services as well as technical and technological solutions <\/span><span style=\"color: #000000;\">, creating and sustaining recognizable brand.<\/span><\/p>\n<p><span style=\"color: #000000;\">All employees in \"dpm d.o.o\" are required to follow way of work in according by <\/span><span style=\"color: #000000;\">ISO 9001:2015, to implement the standard principles and in the same time they have authority and <\/span><span style=\"color: #000000;\">responsibility to improve the way they work and raise the level of quality through their initiatives.<\/span><\/p>\n<p><span style=\"color: #000000;\">Our strategic goal and vision is to create recognisable brand that will go beyond the borders of Bosnia and Herzegovina. Key to our innovation are constant market monitoring, listening of client needs, searching for improvements on varius processes and products, generating of <\/span><span style=\"color: #000000;\">creative ideas and implementing solutions that meet the specific requirements of our clients.<\/span><\/p>\n<p>[\/et_pb_text][\/et_pb_column][et_pb_column type=&#8221;1_2&#8221; _builder_version=&#8221;4.16&#8221; custom_padding=&#8221;|||&#8221; global_colors_info=&#8221;{}&#8221; custom_padding__hover=&#8221;|||&#8221;][et_pb_text _builder_version=&#8221;4.27.4&#8221; text_font=&#8221;PT Sans||||||||&#8221; text_text_color=&#8221;rgba(255,255,255,0.7)&#8221; text_font_size=&#8221;18px&#8221; text_line_height=&#8221;1.8em&#8221; header_font=&#8221;Poppins|500|||||||&#8221; header_text_color=&#8221;#ffffff&#8221; header_font_size=&#8221;44px&#8221; header_line_height=&#8221;1.3em&#8221; header_2_font=&#8221;||||||||&#8221; header_3_font=&#8221;||||||||&#8221; header_4_font=&#8221;||||||||&#8221; custom_margin=&#8221;||0px||false|false&#8221; custom_padding=&#8221;105px||||false|false&#8221; global_colors_info=&#8221;{}&#8221;]<\/p>\n<p><span style=\"color: #000000;\">We are dedicated to:<br \/><\/span><span style=\"color: #000000;\">Satisfying all applicable internal and external requirements related to the quality of our products and our quality management system and continuous improvement of the management system<\/span><span style=\"color: #000000;\">,<\/span><span style=\"color: #000000;\">(CI).<\/span><\/p>\n<p><span style=\"color: #000000;\">The management of dpm d.o.o. is committed and dedicated to achieving its vision by applying the following principles:<\/span><\/p>\n<p><span style=\"color: #000000;\"><span>\u2022 <\/span>By focusing on our clients in order to fulfill their requirements for all projects;<\/span><br \/><span style=\"color: #000000;\"><span>\u2022 <\/span>The leadership role of management;<\/span><br \/><span style=\"color: #000000;\"><span>\u2022 <\/span>By involving all employees in order to use their creative abilities;<\/span><br \/><span style=\"color: #000000;\"><span>\u2022 <\/span>By making decisions based on a detailed analysis of client requests;<\/span><br \/><span style=\"color: #000000;\"><span>\u2022 <\/span>Constant monitoring of market needs, innovating the offer and modernizing products;<\/span><br \/><span style=\"color: #000000;\"><span>\u2022 <\/span>Continuous education and training of all employees. <\/span><span style=\"color: #000000;\"><\/span><\/p>\n<p><span style=\"color: #000000;\">Our clients and partners can be sure in our goal oriented philosophy - <\/span><span style=\"color: #000000;\"><\/span><span style=\"color: #000000;\"><span>\u201edpm d.o.o<\/span>.<span>\u201d<\/span> operates <\/span><span style=\"color: #000000;\">with the slogan: Partnership to success!<\/span><\/p>\n<p>[\/et_pb_text][\/et_pb_column][\/et_pb_row][\/et_pb_section][et_pb_section fb_built=&#8221;1&#8221; admin_label=&#8221;Header&#8221; _builder_version=&#8221;4.27.0&#8221; _module_preset=&#8221;default&#8221; background_enable_color=&#8221;off&#8221; use_background_color_gradient=&#8221;on&#8221; background_color_gradient_stops=&#8221;#e5e5e5 0%|rgba(0,0,0,0.06) 29%|rgba(0,0,0,0.44) 100%|#ffffff 100%&#8221; background_color_gradient_overlays_image=&#8221;on&#8221; background_image=&#8221;https:\/\/dpm-atec.com\/wp-content\/uploads\/2024\/10\/viber_image_2024-10-09_15-14-02-517.png&#8221; custom_padding=&#8221;||0px|||&#8221; locked=&#8221;off&#8221; global_colors_info=&#8221;{}&#8221;][et_pb_row _builder_version=&#8221;4.27.0&#8221; _module_preset=&#8221;default&#8221; custom_margin=&#8221;||||false|false&#8221; custom_padding=&#8221;||110px||false|false&#8221; global_colors_info=&#8221;{}&#8221;][et_pb_column type=&#8221;4_4&#8221; _builder_version=&#8221;4.27.0&#8221; _module_preset=&#8221;default&#8221; background_enable_color=&#8221;off&#8221; background_enable_image=&#8221;off&#8221; custom_padding=&#8221;96px|40px|96px|100px|true|false&#8221; custom_padding_tablet=&#8221;30px|30px|30px|30px|true|true&#8221; custom_padding_phone=&#8221;|20px||20px|true|true&#8221; custom_padding_last_edited=&#8221;on|phone&#8221; border_radii=&#8221;on|15px|15px|15px|15px&#8221; global_colors_info=&#8221;{%22gcid-afa30cf2-6f5d-4b9c-aa39-7dbe1ac3b7a3%22:%91%22background_color%22%93}&#8221;][et_pb_text _builder_version=&#8221;4.27.0&#8221; _module_preset=&#8221;df96b77a-cd4f-44a8-a771-2d6347592b53&#8221; header_2_font=&#8221;Exo 2||||||||&#8221; header_2_text_color=&#8221;#FFFFFF&#8221; header_2_font_size=&#8221;60px&#8221; header_2_line_height=&#8221;1.1em&#8221; custom_margin=&#8221;||16px||false|false&#8221; header_2_font_size_tablet=&#8221;32px&#8221; header_2_font_size_phone=&#8221;20px&#8221; header_2_font_size_last_edited=&#8221;on|desktop&#8221; header_2_text_shadow_style=&#8221;preset1&#8221; header_2_text_shadow_color=&#8221;#000000&#8221; locked=&#8221;off&#8221; global_colors_info=&#8221;{}&#8221;]<\/p>\n<h2><strong>Years of experience<\/strong><\/h2>\n<p>[\/et_pb_text][et_pb_text _builder_version=&#8221;4.27.4&#8221; _module_preset=&#8221;41d5859c-fbaa-458a-88e4-5d886857f235&#8221; text_font=&#8221;Archivo||||||||&#8221; text_text_color=&#8221;#FFFFFF&#8221; text_font_size=&#8221;18px&#8221; text_line_height=&#8221;1.8em&#8221; text_font_size_tablet=&#8221;16px&#8221; text_font_size_phone=&#8221;13px&#8221; text_font_size_last_edited=&#8221;on|phone&#8221; text_text_shadow_style=&#8221;preset1&#8221; text_text_shadow_color=&#8221;#000000&#8221; locked=&#8221;off&#8221; global_colors_info=&#8221;{}&#8221;]<\/p>\n<p>With years of experience in the industry, we have the expertise and knowledge to design, manufacture and assemble specialty machines and metal products to meet your specific needs. Our team of experts uses the latest technology and advanced tools to turn your ideas into reality. We pride ourselves on delivering quality products and outstanding customer service.<\/p>\n<p>[\/et_pb_text][et_pb_button button_url=&#8221;https:\/\/dpm-atec.com\/kontakt\/&#8221; button_text=&#8221;Kontakt&#8221; _builder_version=&#8221;4.27.0&#8221; _module_preset=&#8221;a423b556-cd22-48b3-a782-8aae26f60647&#8221; custom_button=&#8221;on&#8221; button_text_size=&#8221;14px&#8221; button_text_color=&#8221;#FFFFFF&#8221; button_bg_color=&#8221;gcid-primary-color&#8221; button_border_width=&#8221;0px&#8221; button_border_radius=&#8221;50px&#8221; button_letter_spacing=&#8221;0px&#8221; button_font=&#8221;Montserrat|700|||||||&#8221; button_use_icon=&#8221;off&#8221; custom_padding=&#8221;15px|30px|15px|30px|true|true&#8221; global_colors_info=&#8221;{%22gcid-primary-color%22:%91%22button_bg_color%22%93}&#8221;][\/et_pb_button][\/et_pb_column][\/et_pb_row][\/et_pb_section][et_pb_section fb_built=&#8221;1&#8221; admin_label=&#8221;Call to Action&#8221; _builder_version=&#8221;4.27.0&#8221; _module_preset=&#8221;default&#8221; background_color=&#8221;#000000&#8221; width=&#8221;100%&#8221; custom_padding=&#8221;1vw||1vw||true|false&#8221; saved_tabs=&#8221;all&#8221; collapsed=&#8221;on&#8221; global_colors_info=&#8221;{}&#8221;][et_pb_row _builder_version=&#8221;4.27.0&#8221; _module_preset=&#8221;default&#8221; width=&#8221;100%&#8221; max_width=&#8221;2034px&#8221; min_height=&#8221;460px&#8221; custom_margin=&#8221;-150px|auto||auto||&#8221; custom_padding=&#8221;||0px|||&#8221; global_colors_info=&#8221;{}&#8221;][et_pb_column type=&#8221;4_4&#8221; _builder_version=&#8221;4.27.0&#8221; _module_preset=&#8221;default&#8221; global_colors_info=&#8221;{}&#8221;][et_pb_code _builder_version=&#8221;4.27.0&#8221; _module_preset=&#8221;default&#8221; min_height=&#8221;460px&#8221; global_colors_info=&#8221;{}&#8221;]<iframe src=\"https:\/\/www.google.com\/maps\/embed?pb=!1m14!1m8!1m3!1d11375.933901915752!2d18.6581218!3d44.5359709!3m2!1i1024!2i768!4f13.1!3m3!1m2!1s0x5d7496d87ba2821%3A0xa1fb6835d0bb592!2sdpm%20d.o.o.!5e0!3m2!1sen!2sba!4v1727694534474!5m2!1sen!2sba\" width=\"100%\" height=\"450\" style=\"border:0;\" allowfullscreen=\"\" loading=\"lazy\" referrerpolicy=\"no-referrer-when-downgrade\"><\/iframe>[\/et_pb_code][\/et_pb_column][\/et_pb_row][\/et_pb_section][et_pb_section fb_built=&#8221;1&#8221; admin_label=&#8221;Footer&#8221; _builder_version=&#8221;4.27.0&#8221; _module_preset=&#8221;default&#8221; background_color=&#8221;#112738&#8221; background_image=&#8221;https:\/\/dpm-atec.com\/wp-content\/uploads\/2024\/09\/augmented-reality-2.jpg&#8221; background_enable_image=&#8221;off&#8221; custom_margin=&#8221;-40px|1px|||false|false&#8221; custom_padding=&#8221;2vw||2vw||true|false&#8221; saved_tabs=&#8221;all&#8221; collapsed=&#8221;on&#8221; global_colors_info=&#8221;{}&#8221;][et_pb_row column_structure=&#8221;1_4,1_4,1_4,1_4&#8221; _builder_version=&#8221;4.24.2&#8221; _module_preset=&#8221;default&#8221; global_colors_info=&#8221;{}&#8221;][et_pb_column type=&#8221;1_4&#8221; _builder_version=&#8221;4.22.1&#8221; _module_preset=&#8221;default&#8221; global_colors_info=&#8221;{}&#8221;][et_pb_text _builder_version=&#8221;4.27.0&#8221; _module_preset=&#8221;e065eaa9-3792-4630-8c35-4a26c90810e9&#8221; text_text_color=&#8221;gcid-primary-color&#8221; header_4_text_color=&#8221;gcid-primary-color&#8221; custom_margin=&#8221;||10px||false|false&#8221; animation_style=&#8221;zoom&#8221; global_colors_info=&#8221;{%22gcid-primary-color%22:%91%22text_text_color%22,%22header_4_text_color%22%93}&#8221;]<\/p>\n<h4><span style=\"color: #ffffff;\">Location<\/span><\/h4>\n<p>[\/et_pb_text][et_pb_text _builder_version=&#8221;4.27.0&#8221; _module_preset=&#8221;0635eca2-6ea8-41d8-a0b6-1fed17d19a41&#8221; text_text_color=&#8221;#FFFFFF&#8221; link_text_color=&#8221;#FFFFFF&#8221; custom_margin=&#8221;||10px||false|false&#8221; global_colors_info=&#8221;{}&#8221;]<\/p>\n<p>Drage Karamana BB,<\/p>\n<p>[\/et_pb_text][et_pb_text _builder_version=&#8221;4.27.0&#8221; _module_preset=&#8221;0635eca2-6ea8-41d8-a0b6-1fed17d19a41&#8221; text_text_color=&#8221;#FFFFFF&#8221; link_text_color=&#8221;#FFFFFF&#8221; custom_margin=&#8221;||10px||false|false&#8221; global_colors_info=&#8221;{}&#8221;]<\/p>\n<p>75000, Tuzla<\/p>\n<p>[\/et_pb_text][et_pb_text _builder_version=&#8221;4.27.0&#8221; _module_preset=&#8221;0635eca2-6ea8-41d8-a0b6-1fed17d19a41&#8221; text_text_color=&#8221;#FFFFFF&#8221; link_text_color=&#8221;#FFFFFF&#8221; custom_margin=&#8221;||10px||false|false&#8221; global_colors_info=&#8221;{}&#8221;]<\/p>\n<p>Bosnia and Herzegovina<\/p>\n<p>[\/et_pb_text][\/et_pb_column][et_pb_column type=&#8221;1_4&#8221; _builder_version=&#8221;4.22.1&#8221; _module_preset=&#8221;default&#8221; global_colors_info=&#8221;{}&#8221;][et_pb_text _builder_version=&#8221;4.27.0&#8221; _module_preset=&#8221;e065eaa9-3792-4630-8c35-4a26c90810e9&#8221; header_4_text_color=&#8221;gcid-primary-color&#8221; custom_margin=&#8221;||10px||false|false&#8221; animation_style=&#8221;zoom&#8221; global_colors_info=&#8221;{%22gcid-primary-color%22:%91%22header_4_text_color%22%93}&#8221;]<\/p>\n<h4><span style=\"color: #ffffff;\">Contact us<\/span><\/h4>\n<p>[\/et_pb_text][et_pb_text _builder_version=&#8221;4.27.0&#8221; _module_preset=&#8221;0635eca2-6ea8-41d8-a0b6-1fed17d19a41&#8221; text_text_color=&#8221;#FFFFFF&#8221; link_text_color=&#8221;#FFFFFF&#8221; custom_margin=&#8221;||10px||false|false&#8221; global_colors_info=&#8221;{}&#8221;]<\/p>\n<p>+387 63 962 024<\/p>\n<p>[\/et_pb_text][et_pb_text _builder_version=&#8221;4.27.0&#8221; _module_preset=&#8221;0635eca2-6ea8-41d8-a0b6-1fed17d19a41&#8221; text_text_color=&#8221;#FFFFFF&#8221; link_text_color=&#8221;#FFFFFF&#8221; custom_margin=&#8221;||10px||false|false&#8221; global_colors_info=&#8221;{}&#8221;]<\/p>\n<p>+387 62 398 269<\/p>\n<p>[\/et_pb_text][et_pb_text _builder_version=&#8221;4.27.0&#8221; _module_preset=&#8221;0635eca2-6ea8-41d8-a0b6-1fed17d19a41&#8221; text_text_color=&#8221;#FFFFFF&#8221; link_text_color=&#8221;#FFFFFF&#8221; custom_margin=&#8221;||10px||false|false&#8221; link_option_url=&#8221;info@dpm-atec.com&#8221; global_colors_info=&#8221;{}&#8221;]<\/p>\n<p>info@dpm-atec.com<\/p>\n<p>[\/et_pb_text][\/et_pb_column][et_pb_column type=&#8221;1_4&#8221; _builder_version=&#8221;4.22.1&#8221; _module_preset=&#8221;default&#8221; global_colors_info=&#8221;{}&#8221;][et_pb_text _builder_version=&#8221;4.27.0&#8221; _module_preset=&#8221;e065eaa9-3792-4630-8c35-4a26c90810e9&#8221; header_4_text_color=&#8221;gcid-primary-color&#8221; custom_margin=&#8221;||10px||false|false&#8221; animation_style=&#8221;zoom&#8221; global_colors_info=&#8221;{%22gcid-primary-color%22:%91%22header_4_text_color%22%93}&#8221;]<\/p>\n<h4><span style=\"color: #ffffff;\">Working hours<\/span><\/h4>\n<p>[\/et_pb_text][et_pb_text _builder_version=&#8221;4.27.0&#8221; _module_preset=&#8221;0635eca2-6ea8-41d8-a0b6-1fed17d19a41&#8221; text_text_color=&#8221;#FFFFFF&#8221; link_text_color=&#8221;#FFFFFF&#8221; custom_margin=&#8221;||10px||false|false&#8221; global_colors_info=&#8221;{}&#8221;]<\/p>\n<p>MONDAY - FRIDAY<\/p>\n<p>[\/et_pb_text][et_pb_text _builder_version=&#8221;4.27.0&#8221; _module_preset=&#8221;0635eca2-6ea8-41d8-a0b6-1fed17d19a41&#8221; text_text_color=&#8221;#FFFFFF&#8221; link_text_color=&#8221;#FFFFFF&#8221; custom_margin=&#8221;||10px||false|false&#8221; global_colors_info=&#8221;{}&#8221;]<\/p>\n<p>08:00 &#8211; 16:00<\/p>\n<p>[\/et_pb_text][et_pb_text _builder_version=&#8221;4.27.0&#8221; _module_preset=&#8221;0635eca2-6ea8-41d8-a0b6-1fed17d19a41&#8221; text_text_color=&#8221;#FFFFFF&#8221; link_text_color=&#8221;#FFFFFF&#8221; custom_margin=&#8221;||10px||false|false&#8221; global_colors_info=&#8221;{}&#8221;]<\/p>\n<p>SATURDAY AND SUNDAY CLOSED<\/p>\n<p>[\/et_pb_text][\/et_pb_column][et_pb_column type=&#8221;1_4&#8221; _builder_version=&#8221;4.22.1&#8221; _module_preset=&#8221;default&#8221; global_colors_info=&#8221;{}&#8221;][et_pb_text _builder_version=&#8221;4.27.0&#8221; _module_preset=&#8221;e065eaa9-3792-4630-8c35-4a26c90810e9&#8221; header_4_text_color=&#8221;gcid-primary-color&#8221; custom_margin=&#8221;||10px||false|false&#8221; animation_style=&#8221;zoom&#8221; locked=&#8221;off&#8221; global_colors_info=&#8221;{%22gcid-primary-color%22:%91%22header_4_text_color%22%93}&#8221;]<\/p>\n<h4><span style=\"color: #ffffff;\">Follow us<\/span><\/h4>\n<p>[\/et_pb_text][et_pb_social_media_follow _builder_version=&#8221;4.27.4&#8221; _module_preset=&#8221;default&#8221; hover_enabled=&#8221;0&#8221; locked=&#8221;off&#8221; global_colors_info=&#8221;{}&#8221; sticky_enabled=&#8221;0&#8221;][et_pb_social_media_follow_network social_network=&#8221;facebook&#8221; _builder_version=&#8221;4.22.1&#8221; _module_preset=&#8221;default&#8221; global_colors_info=&#8221;{}&#8221; follow_button=&#8221;off&#8221; url_new_window=&#8221;on&#8221;]facebook[\/et_pb_social_media_follow_network][et_pb_social_media_follow_network social_network=&#8221;youtube&#8221; background_color=&#8221;#a82400&#8221; _builder_version=&#8221;4.27.4&#8221; _module_preset=&#8221;default&#8221; follow_button=&#8221;off&#8221; url_new_window=&#8221;on&#8221; url=&#8221;https:\/\/www.youtube.com\/@dpm-d.o.o&#8221; hover_enabled=&#8221;0&#8221; sticky_enabled=&#8221;0&#8221;]youtube[\/et_pb_social_media_follow_network][et_pb_social_media_follow_network social_network=&#8221;linkedin&#8221; background_color=&#8221;#007bb6&#8221; _builder_version=&#8221;4.27.4&#8221; _module_preset=&#8221;default&#8221; follow_button=&#8221;off&#8221; url_new_window=&#8221;on&#8221; hover_enabled=&#8221;0&#8221; sticky_enabled=&#8221;0&#8221;]linkedin[\/et_pb_social_media_follow_network][\/et_pb_social_media_follow][\/et_pb_column][\/et_pb_row][\/et_pb_section]<\/p>","protected":false},"excerpt":{"rendered":"<p>\u00a0 |\u00a0 POLITIKA KVALITETA\u00a0 |\u00a0\u00a0Politika kvaliteta dpm d.o.o je firma za dizajn, proizvodnju i monta\u017eu specijalnih ma\u0161ina i metalnih proizvoda. Koristimo napredne 2D i 3D alate za kreiranje digitalnih blizanaca i drugih inovativnih rje\u0161enja za na\u0161e klijente. Najbitnije opredeljenje u politici kvaliteta ISO 9001:2015 jeste ispunjenje zahtjeva korisnika i poslovnih partnera svojim uslugama kao i [&hellip;]<\/p>","protected":false},"author":2,"featured_media":0,"parent":0,"menu_order":0,"comment_status":"closed","ping_status":"closed","template":"","meta":{"_et_pb_use_builder":"on","_et_pb_old_content":"","_et_gb_content_width":"","footnotes":""},"class_list":["post-788","page","type-page","status-publish","hentry"],"_links":{"self":[{"href":"https:\/\/dpm-atec.com\/en\/wp-json\/wp\/v2\/pages\/788","targetHints":{"allow":["GET"]}}],"collection":[{"href":"https:\/\/dpm-atec.com\/en\/wp-json\/wp\/v2\/pages"}],"about":[{"href":"https:\/\/dpm-atec.com\/en\/wp-json\/wp\/v2\/types\/page"}],"author":[{"embeddable":true,"href":"https:\/\/dpm-atec.com\/en\/wp-json\/wp\/v2\/users\/2"}],"replies":[{"embeddable":true,"href":"https:\/\/dpm-atec.com\/en\/wp-json\/wp\/v2\/comments?post=788"}],"version-history":[{"count":20,"href":"https:\/\/dpm-atec.com\/en\/wp-json\/wp\/v2\/pages\/788\/revisions"}],"predecessor-version":[{"id":1149,"href":"https:\/\/dpm-atec.com\/en\/wp-json\/wp\/v2\/pages\/788\/revisions\/1149"}],"wp:attachment":[{"href":"https:\/\/dpm-atec.com\/en\/wp-json\/wp\/v2\/media?parent=788"}],"curies":[{"name":"wp","href":"https:\/\/api.w.org\/{rel}","templated":true}]}}